{"id":42,"date":"2012-04-22T19:57:10","date_gmt":"2012-04-22T18:57:10","guid":{"rendered":"http:\/\/word.root.ps\/?page_id=42"},"modified":"2021-05-03T13:54:55","modified_gmt":"2021-05-03T18:54:55","slug":"agenda","status":"publish","type":"page","link":"https:\/\/word.root.ps\/?page_id=42","title":{"rendered":"Agenda"},"content":{"rendered":"<p>Pueden acceder a actividades desde 2018 en los enlaces en la parte baja de esta p\u00e1gina.<br \/>\nPlease use the links to archives at the bottom of the page for activities since april 2018.<\/p>\n<p><strong>2018<\/strong><\/p>\n<p>30.03, 31.03, 01.04.18 Acampada Agrohack, Upayakuwasi, Cayambe, Ecuador.<br \/>\n(Actividad dentro del programa ganador de un fondo del Ministerio de Cultura y Patrimonio.)<\/p>\n<p>15.03.18 &#8211; 25.05.18 Curador de &#8220;La tecnologias somos todxs&#8221;, Sala Proceso, CCE, Cuenca, Ecuador.<\/p>\n<p><strong>2017<\/strong><\/p>\n<p>23.10.17 &#8211; 18.11.17 Residencia en el Centro de Creaci\u00f3n Contempor\u00e1nea de Andalucia, C\u00f3rdoba, Espa\u00f1a<br \/>\n<a href=\"http:\/\/www.c3a.es\/actividades\/detalle\/-\/asset_publisher\/pQ0PxnELFHyj\/content\/artistas-residentes-en-el-simposio-aabas\">http:\/\/www.c3a.es\/actividades\/detalle\/-\/asset_publisher\/pQ0PxnELFHyj\/content\/artistas-residentes-en-el-simposio-aabas<\/a><\/p>\n<p>09-13.10.17 Participaci\u00f3n en Devenir Plante, Paris, Francia.<br \/>\n<a href=\"https:\/\/portail.polytechnique.edu\/linx\/devenir-plante\">https:\/\/portail.polytechnique.edu\/linx\/devenir-plante<\/a><\/p>\n<p>23-28.09.17. Director Art\u00edstico de Transitio_Mx, Ciudad de M\u00e9xico<br \/>\n<a href=\"http:\/\/transitiomx.net\">http:\/\/transitiomx.net<\/a><\/p>\n<p>12-16.06.17 ISEA, Manizales, Colombia<br \/>\n<a href=\"http:\/\/isea2017.isea-international.org\/\">http:\/\/isea2017.isea-international.org\/<\/a><\/p>\n<p>21-22.04.17 1er Festival de Cultura Libre de Nari\u00f1o, Pasto, Ecuador<\/p>\n<p>17.03.17 Festival GRAFFF, Pujil\u00ed, Ecuador<br \/>\n<a href=\"https:\/\/festivaldeartepublicografff.wordpress.com\/\">https:\/\/festivaldeartepublicografff.wordpress.com\/<\/a><\/p>\n<p><strong><br \/>\n2016<\/strong><\/p>\n<p>09.12.16 Jornadas Arte, Genero y Communicaci\u00f3n, Manta, Ecuador<\/p>\n<p>28.11-03.12.16 Muestra Marrana 8, Quito<br \/>\n<a href=\"http:\/\/muestramarrana.org\">http:\/\/muestramarrana.org<\/a><\/p>\n<p>24-30.10.16 Transmestizx en MIDBO, Bogot\u00e1<br \/>\n<a href=\"http:\/\/www.midbo.co\/\">http:\/\/www.midbo.co\/<\/a><\/p>\n<p>17-21.10.16 Exposici\u00f3n de proyectos de estudiantes, Politecnica Nacional, Quito<br \/>\n<a href=\"http:\/\/habitat3.epn.edu.ec\/index.php\/exposicion-estudiantil\">http:\/\/habitat3.epn.edu.ec\/index.php\/exposicion-estudiantil<\/a><\/p>\n<p>4-9.10.16 Presentaci\u00f3n en Kosmica, Ciudad de Mexico<br \/>\n<a href=\"http:\/\/kosmica.cc\">http:\/\/kosmica.cc<\/a><\/p>\n<p>19-21.08.16 Jurado para FemTourTruck, Muestra Itinerante de VideoArte Feminista<br \/>\n<a href=\"https:\/\/femtourtruck.wordpress.com\/\">https:\/\/femtourtruck.wordpress.com\/<\/a><\/p>\n<p>20-24.06.16 Facilitadora al IGT, Puembo, Ecuador<br \/>\n<a href=\"https:\/\/tacticaltech.org\/facilitadora-igt\">https:\/\/tacticaltech.org\/facilitadora-igt<\/a><\/p>\n<p>10.06.16 Presentaci\u00f3n en la inauguraci\u00f3n de la muestra retrospectiva del Colectivo Central Dogma &#8220;Del hazlo t\u00fa mismo, al hag\u00e1masolo juntxs&#8221;, Sala Proceso, Cuenca, Ecuador.<br \/>\n<a href=\"https:\/\/proyectodogmaecuador.blogspot.mx\/2016\/06\/del-hazlo-tu-mismo-al-hagamoslo-junts.html\">https:\/\/proyectodogmaecuador.blogspot.mx\/2016\/06\/del-hazlo-tu-mismo-al-hagamoslo-junts.html<\/a><\/p>\n<p>07.06.16 &#8211; 28.08.16 Curadoria de &#8220;Transmestizx&#8221; de Daniela Moreno Wray dentro\u00a0de la exposici\u00f3n del premio Mariano Aguilera, CAC Quito.<br \/>\n<a href=\"https:\/\/dmw.hotglue.me\/?transmestiza\" target=\"_blank\" rel=\"noopener noreferrer\">https:\/\/dmw.hotglue.me\/?transmestiza<\/a><\/p>\n<p>09.05.16 -13.05.16 Balance\/Unbalance &amp; Festival del Imagen, Caldas, Colombia<br \/>\nTaller: Incidencias del Com\u00fan\u00a0<a href=\"http:\/\/www.festivaldelaimagen.com\/es\/eventos\/talleres\" target=\"_blank\" rel=\"noopener noreferrer\">http:\/\/www.festivaldelaimagen.com\/es\/eventos\/talleres<\/a><br \/>\nConferencia: \u00bfComo decir nosotrxs?\u00a0<a href=\"http:\/\/www.balance-unbalance2016.org\/\">http:\/\/www.balance-unbalance2016.org\/<\/a><br \/>\nPerformance: Tellurica (Come \u00a0Oro, Espa\u00f1ol Voraz) con Jorge Barco<\/p>\n<p>01.03.16 &#8211; 15. 04.16 Coordinaci\u00f3n de la traducci\u00f3n al espa\u00f1ol de Laboratory Planet #5<br \/>\n<a href=\"http:\/\/laboratoryplanet.org\" target=\"_blank\" rel=\"noopener noreferrer\">http:\/\/laboratoryplanet.org<\/a>\/<\/p>\n<p>04.03.16 &#8211; 12.03.16 Jurado por la residencia rural.scapes, SJ do Barreira, Brasil<br \/>\n<a href=\"http:\/\/www.ruralscapes.net\/jurado_labres2016_1\" target=\"_blank\" rel=\"noopener noreferrer\">http:\/\/www.ruralscapes.net\/jurado_labres2016_1<\/a>\/<\/p>\n<p>20.01.16 &#8211; 22.01.16 Encuentro PAICC \u2013 Plan de Activaci\u00f3n de Infraestructura y Cobertura Cultural<br \/>\n18h-21h \u2013 20 \u2013 22 de enero 2016, Arte Actual, FLACSO, Quito.<br \/>\n<a href=\"http:\/\/www.flacsoandes.org\/arteactual\/\">http:\/\/www.flacsoandes.org\/arteactual\/<\/a><\/p>\n<p><strong>2015<\/strong><\/p>\n<p>01.12.15 &#8211; 21.12.15 Residencia con el proyecto &#8220;Transmestizx&#8221; de Daniela Moreno Wray<br \/>\nen Medialab CIESPAL, Quito, Ecuador<br \/>\n<a href=\"http:\/\/www.medialabuio.org\/\">http:\/\/www.medialabuio.org\/<\/a><br \/>\n<a href=\"http:\/\/dmw.hotglue.me\">http:\/\/dmw.hotglue.me<\/a><\/p>\n<p>05.11.15 Inauguraci\u00f3n de una selecci\u00f3n de Arte en \u00d3rbita en Territory of Imagination en el Rubin Art Centre, El Paso, EEUU<br \/>\n<a href=\"http:\/\/rubin.utep.edu\/index.php\/exhibitions\/future\/territory-of-imagination\/arte-en-orbita\">http:\/\/rubin.utep.edu\/index.php\/exhibitions\/future\/territory-of-imagination\/arte-en-orbita<\/a><\/p>\n<p>12.10.15 &#8211; 14.10.15 Taller de Practicas Curatoriales, Ambato, Ecuador<br \/>\n<a href=\"http:\/\/tungurahualabs.wikidot.com\/practicas-curatoriales\" target=\"_blank\" rel=\"noopener noreferrer\">http:\/\/tungurahualabs.wikidot.com\/practicas-curatoriales<\/a><\/p>\n<p>30.09.15 &#8211; 06.10.15 Festival Transitio_MX, M\u00e9xico DF<br \/>\n<a href=\"http:\/\/transitiomx.net\/\" target=\"_blank\" rel=\"noopener noreferrer\">http:\/\/transitiomx.net\/<\/a><\/p>\n<p>27.08.15 &#8211; 28.08.15 Encuentro de Artistas y Creadores de la Provincia de Tungurahua, Ambato, Ecuador<br \/>\n<a href=\"http:\/\/tungurahua2015.wikidot.com\/\" target=\"_blank\" rel=\"noopener noreferrer\">http:\/\/tungurahua2015.wikidot.com\/<\/a><\/p>\n<p>14.05.15 &#8211; 18.05.15 Curto o Genero, Fortaleza, Brasil<br \/>\n<a href=\"http:\/\/fabricadeimagens.org.br\/curtaogenero\/es\">http:\/\/fabricadeimagens.org.br\/curtaogenero\/es<\/a><\/p>\n<p>07.03.15 &#8211; 06.06.15 Arte en \u00d3rbita &#8211; CAC Quito, Ecuador<br \/>\n<a href=\"http:\/\/arteenorbita.diferencial.org\" target=\"_blank\" rel=\"noopener noreferrer\">http:\/\/arteenorbita.diferencial.org<\/a><\/p>\n<p><strong>2014<\/strong><\/p>\n<p>18.11.14 Inauguraci\u00f3n Exposici\u00f3n &#8220;Cartas al Futuro&#8221;, Casa Tres Patios, Medell\u00edn, Colombia<\/p>\n<p>13.11.14 Inauguraci\u00f3n Exposici\u00f3n &#8220;Un De Cada Plato&#8221;, Platohedro, Medell\u00edn, Colombia<br \/>\n<a href=\"http:\/\/platohedro.org\/?p=2600\" target=\"_blank\" rel=\"noopener noreferrer\">http:\/\/platohedro.org\/?p=2600<\/a><\/p>\n<p>20.09.14 Presentaci\u00f3n : Redes &#8211; MUSAC, Le\u00f3n, Espa\u00f1a<br \/>\n<a href=\"http:\/\/musac.es\/#programacion\/programa\/?id=1344\" target=\"_blank\" rel=\"noopener noreferrer\">http:\/\/musac.es\/#programacion\/programa\/?id=1344<\/a><\/p>\n<p>28.08.14 Presentaci\u00f3n : EAFIT &#8211; D\u00edas de la Comunicaci\u00f3n<br \/>\n<a href=\"http:\/\/www.eafit.edu.co\/agenda\/Lists\/Agenda%20EAFIT\/Attachments\/2835\/ACC_ecard-agenda-dias-comunicacion-2014.jpg\" target=\"_blank\" rel=\"noopener noreferrer\">http:\/\/www.eafit.edu.co\/agenda\/Lists\/Agenda%20EAFIT\/Attachments\/2835\/ACC_ecard-agenda-dias-comunicacion-2014.jpg<\/a><\/p>\n<p>22-25.08.14 Jurado Fondos Concursables, Festivales : Ministro de Cultura, Quito Ecuador<br \/>\n<a href=\"http:\/\/www.culturaypatrimonio.gob.ec\/\" target=\"_blank\" rel=\"noopener noreferrer\">http:\/\/www.culturaypatrimonio.gob.ec\/<\/a><\/p>\n<p>26.03-10.04.14 Asesor\u00eda : La Casa Tomada, El Salvador<br \/>\n<a href=\"http:\/\/lacasatomadasv.wordpress.com\/\" target=\"_blank\" rel=\"noopener noreferrer\">http:\/\/lacasatomadasv.wordpress.com\/<\/a><\/p>\n<p><strong>2013\u00a0<\/strong><\/p>\n<p>12 &#8211; 15.02.13\u00a0M\u00e9xico\u00a0DF \u00a0&#8211; Centro Cultural de Espa\u00f1a<br \/>\nTaller : Gesti\u00f3n Cultural para el Procom\u00fan<\/p>\n<p>18.02.13 &#8211; 01.03.13 M\u00e9xico DF &#8211; Laboratorio de Arte Alameda<br \/>\nTaller : Tecnomagxs &#8211; tecnolog\u00eda, magia e imaginario.<\/p>\n<p>09 &#8211; 10.03.13 El Salvador &#8211; La Casa Tomada<br \/>\nTaller :\u00a0Modelos de gesti\u00f3n para una cultura libre y colectiva<\/p>\n<p>10.13 \u00a1Ping! Nantes, France<\/p>\n<p>01 &#8211; 15.11.13 Colombia &#8211; Medelab13, Parque Explora<br \/>\nTaller : Estrategias Conjuntas<\/p>\n<p><strong>2012<\/strong><\/p>\n<p>02.05.12 Valencia &#8211; Jornada de Eco-G\u00e9nero<br \/>\n<a href=\"http:\/\/houseofbent.blogspot.com.es\/2012\/04\/blog-post_23.html\">http:\/\/houseofbent.blogspot.com.es\/2012\/04\/blog-post_23.html<\/a><\/p>\n<p>12.05.12 Helsinki &#8211; Pixelache<br \/>\n<a href=\"http:\/\/www.pixelache.ac\/helsinki\/camp12\/\">http:\/\/www.pixelache.ac\/helsinki\/camp12\/<\/a><\/p>\n<p>16.05.12 St Petersburg &#8211; \u00a0Centre for Independent Social Research<br \/>\n<a href=\"http:\/\/www.cisr.ru\/index.en.html\">http:\/\/www.cisr.ru\/index.en.html<\/a><\/p>\n<p>18.05.12 \u00a0Salamanca &#8211; Kedarte<br \/>\n<a href=\"http:\/\/latamuda.wordpress.com\/kedarte-2\/kedarte-2012-2\/\">http:\/\/latamuda.wordpress.com\/kedarte-2\/kedarte-2012-2\/<\/a><\/p>\n<p>14.06.12 \u00a0Alicante &#8211; MIMAA Festival<br \/>\n<a href=\"http:\/\/overflow.es\/mimaa12\/\">http:\/\/overflow.es\/mimaa12\/<\/a><\/p>\n<p>17.06.12 Quito &#8211; LabSurLab<br \/>\n<a href=\"https:\/\/quito.labsurlab.org\/\">https:\/\/quito.labsurlab.org\/<\/a><\/p>\n<p>28.06.12 Donostia &#8211; Jurado Conexiones Improbables<br \/>\n<a href=\"http:\/\/www.conexionesimprobables.es\/\">http:\/\/www.conexionesimprobables.es<\/a><\/p>\n<p>16.07.12 Barcelona &#8211; La Caldera \/ Festival Grec MOV|I|MENT<br \/>\n<a href=\"http:\/\/www.lacaldera.info\">http:\/\/www.lacaldera.info<\/a><\/p>\n<p>15-18.08.12 ZAWP Bilbo &#8211; Summer of Labs<br \/>\n<a href=\"http:\/\/summeroflabs.eu\/\">http:\/\/summeroflabs.eu<\/a><\/p>\n<p>23-26.08.12 Alg-a Lab Vigo &#8211; Feira Imaxinaria \/ Summer of Labs<br \/>\n<a href=\"http:\/\/feiraimaxinaria.tumblr.com\/\">http:\/\/feiraimaxinaria.tumblr.com\/<br \/>\n<\/a><a href=\"https:\/\/n-1.cc\/pg\/groups\/1159884\/feira-imaxinaria-contemporanea\/\">https:\/\/n-1.cc\/pg\/groups\/1159884\/feira-imaxinaria-contempora<\/a>nea\/<\/p>\n<p>5-7.10.12 Audiencia Zero \/ LCD Guimaraes \u00a0&#8211; Antropocode \/ Summer of Labs<br \/>\n<a href=\"http:\/\/aderiva.net\/tiki-index.php?page=artropocodemeeting02\">http:\/\/aderiva.net\/tiki-index.php?page=artropocodemeeting02<\/a><\/p>\n<p>26.10.12 Intermediae, Matadero Madrid &#8211;\u00a0404 School Not Found<br \/>\n<a href=\"http:\/\/www.mataderomadrid.org\/ficha\/1753\/404:-conversacion-abierta.html\">http:\/\/www.mataderomadrid.org\/ficha\/1753\/404:-conversacion-abierta.html<\/a><\/p>\n<p>23.11.12 La Escocesa, Barcelona &#8211;\u00a0Festival de Muralismo<br \/>\n<a href=\"http:\/\/laescocesa.org\/es\/content\/i-festival-de-murales-de-la-escocesa\">http:\/\/laescocesa.org\/es\/content\/i-festival-de-murales-de-la-escocesa<\/a><\/p>\n<p>5-9.12.12 La Porta, Barcelona &#8211;\u00a0Reality Creation Kit<br \/>\n<a href=\"http:\/\/www.laportabcn.com\/ca\/activities\/reality-creation-kit\" target=\"_blank\" rel=\"noopener noreferrer\">http:\/\/www.laportabcn.com\/ca\/activities\/reality-creation-kit<\/a><\/p>\n<p>..<\/p>\n","protected":false},"excerpt":{"rendered":"<p>Pueden acceder a actividades desde 2018 en los enlaces en la parte baja de esta p\u00e1gina. Please use the links to archives at the bottom of the page for activities since april 2018. 2018 30.03, 31.03, 01.04.18 Acampada Agrohack, Upayakuwasi, Cayambe, Ecuador. (Actividad dentro del programa ganador de un fondo del Ministerio de Cultura y [&hellip;]<\/p>\n","protected":false},"author":1,"featured_media":0,"parent":0,"menu_order":0,"comment_status":"open","ping_status":"open","template":"","meta":{"footnotes":""},"class_list":["post-42","page","type-page","status-publish","hentry"],"_links":{"self":[{"href":"https:\/\/word.root.ps\/index.php?rest_route=\/wp\/v2\/pages\/42"}],"collection":[{"href":"https:\/\/word.root.ps\/index.php?rest_route=\/wp\/v2\/pages"}],"about":[{"href":"https:\/\/word.root.ps\/index.php?rest_route=\/wp\/v2\/types\/page"}],"author":[{"embeddable":true,"href":"https:\/\/word.root.ps\/index.php?rest_route=\/wp\/v2\/users\/1"}],"replies":[{"embeddable":true,"href":"https:\/\/word.root.ps\/index.php?rest_route=%2Fwp%2Fv2%2Fcomments&post=42"}],"version-history":[{"count":40,"href":"https:\/\/word.root.ps\/index.php?rest_route=\/wp\/v2\/pages\/42\/revisions"}],"predecessor-version":[{"id":1103,"href":"https:\/\/word.root.ps\/index.php?rest_route=\/wp\/v2\/pages\/42\/revisions\/1103"}],"wp:attachment":[{"href":"https:\/\/word.root.ps\/index.php?rest_route=%2Fwp%2Fv2%2Fmedia&parent=42"}],"curies":[{"name":"wp","href":"https:\/\/api.w.org\/{rel}","templated":true}]}}